{"id":5672734,"date":"2025-10-19T15:20:05","date_gmt":"2025-10-19T15:20:05","guid":{"rendered":"https:\/\/www.amiciterzomondo.com\/?page_id=5672734"},"modified":"2026-01-24T15:43:35","modified_gmt":"2026-01-24T15:43:35","slug":"kalender-der-solidaritaet-2026","status":"publish","type":"page","link":"https:\/\/www.amiciterzomondo.com\/index.php\/de\/kalender-der-solidaritaet-2026\/","title":{"rendered":"Kalender der Solidarit\u00e4t 2026"},"content":{"rendered":"<section class=\"wpb-content-wrapper\">[vc_row][vc_column]<div class=\"norebro-heading-sc heading text-left\"\n\tid=\"norebro-custom-69f752ac35eef\" \n\t \n\t>\n\t\n\t\n\t\n\t<h3 class=\"title\">\n\t\tKalender der Solidarit\u00e4t 2025\t<\/h3>\n\n\t\n\t\t\t<p class=\"subtitle\">\n\t\t\t\t\t<\/p>\n\t\t\n<\/div>[vc_empty_space height=&#8221;60px&#8221;][\/vc_column][\/vc_row][vc_row][vc_column width=&#8221;1\/4&#8243;][vc_empty_space height=&#8221;10px&#8221;][vc_single_image image=&#8221;5672735&#8243; img_size=&#8221;full&#8221; onclick=&#8221;custom_link&#8221; link=&#8221;\/wp-content\/uploads\/sites\/7\/2025\/10\/Calendario2026.pdf&#8221;][vc_empty_space height=&#8221;10px&#8221;]<div class=\"norebro-button-sc btn-wrap text-center\" \n\tid=\"norebro-custom-69f752ac35fe4\"\n\t \n\t>\n\n\t<a href=\"\/wp-content\/uploads\/sites\/7\/2025\/10\/Calendario2026.pdf\" \n\t\tclass=\"btn  btn-link btn-large\">\n\n\t\t\n\t\t<span class=\"text\">\n\t\t\tKalender PDF | Klick hier\t\t<\/span>\n\n\t\t\n\t\t\t\t\t<span class=\"icon-arrow ion-ios-arrow-thin-right\"><\/span>\n\t\t\t<\/a>\n\n<\/div>[\/vc_column][vc_column width=&#8221;3\/4&#8243;][vc_column_text]Liebe Freunde<\/p>\n<p>2025 haben Sie zusammen u\u0308ber CHF 75\u2018000 gespendet. Ein herzliches Vergelt\u2019s Gott fu\u0308r Ihre grosse Unterstu\u0308tzung! Die Jahresrechnung und eine \u00dcbersicht, welchen Beitrag welches Projekt erhalten hat, finden Sie am Ende dieses Kalenders. Unser Verein Freunde Dritte Welt ist als gemeinnu\u0308tziger Verein anerkannt. Spenden ab CHF 100.- sind von der Steuer absetzbar. Durch Fremdfinanzierung des Kalenders und der anderen Aufw\u00e4nde k\u00f6nnen wir bisher 100% Ihrer Spenden weiterleiten.<\/p>\n<p>Fu\u0308r die Evaluation unserer Projekte hat eine Delegation des Vorstandes unseres Vereins im Herbst 2024 Togo und Benin bereist. Hier kamen wir mit den Auswirkungen fehlender Mittel fu\u0308r die Bildung in Beru\u0308hrung. \u00d6ffentliche Schulen sind verwaist, weil der Staat die Mittel fu\u0308r die Lehrer nicht aufbringt. Die Armut greift immer mehr um sich. Kinder und Jugendliche landen fru\u0308h auf der Strasse und beschaffen sich das N\u00f6tigste zum Leben anderweitig. Hier unterstu\u0308tzen wir verschiedene Bildungsinitiativen kirchlicher Organisationen, die wir pers\u00f6nlich kennen und begleiten. Einzelne Mitglieder des Vorstandes haben im 2025 weitere Projekte im Libanon, in Mosambik und Kamerun besucht. Besonders besch\u00e4ftigt hat uns dabei die grosse Not der syrischen und pal\u00e4stinensischen Flu\u0308chtlinge in den Lagern in Libanon.<\/p>\n<p>Der vorliegende Solidarit\u00e4ts\u00ackalender 2026 ist gepr\u00e4gt von einer neuen Philosophie. Anstelle von sch\u00f6nen Bildern zu einem bestimmten Thema, stellen wir neu jeden Monat eines unserer Projekte vor, die wir im kommenden Jahr unterstu\u0308tzen.<\/p>\n<p>Es sind dies:<br \/>\n\u25cf Landwirtschaftliche Fachschule (Gizo, Salomonen)<br \/>\n\u25cf Patenschaften auf den Philippinen (Dagami\/Leyte)<br \/>\n\u25cf Armen- und Altenzentrum und Bildungsstipendien fu\u0308r junge Menschen (Di\u00f6zese von Emdibir, \u00c4thiopien)<br \/>\n\u25cf Unterstu\u0308tzung Schule (Sap\u00e9, Brasilien)<br \/>\n\u25cf Bau und Weiterentwicklung technische Schule (Bohicon, Di\u00f6zese Abomey, Benin)<br \/>\n\u25cf Renovierung Ausbildnerunterkunft Landwirtschaftsschule (Di\u00f6zese Abomey, Benin)<br \/>\n\u25cf Zwei Bef\u00e4higungsprojekte in pal\u00e4stinensischem Flu\u0308chtlingslager eines fu\u0308r Jugendliche und eines fu\u0308r Frauen (Beirut, Libanon)<br \/>\n\u25cf Ausbildungsprojekt fu\u0308r berufliche Eingliederung von M\u00e4dchen (Kpalim\u00e9, Togo)<br \/>\n\u25cf Aufbau Grundschule (Adjarra, Benin)<br \/>\n\u25cf Intelligentes Wasserf\u00f6rder- und -verteilungsprojekt in einer Schule (Balembo, Kamerun)<br \/>\n\u25cf Weiterentwicklung Zentrum fu\u0308r Waisen, Frauen in Not und \u00e4ltere Menschen (Di\u00f6zese Beira, Mosambik)<\/p>\n<p>Im Namen des ganzen Vorstandes des Vereins Freunde Dritte Welt danken wir Ihnen fu\u0308r Ihre grosszu\u0308gige Unterstu\u0308tzung und wu\u0308nsche Ihnen ein gutes, gesundes und gesegnetes 2026.<\/p>\n<p class=\"p1\">Karl Anton Wohlwend<br \/>\nPr\u00e4sident des Vereins<br \/>\n\u00abAmici Terzo Mondo &#8211; Freunde Dritte Welt \u2013 Amis Tiers Monde\u00bb<\/p>\n[\/vc_column_text][vc_column_text]<strong>Du kannst unsere Projekte und Aktivit\u00e4ten mit deiner Spende \u00fcber folgendes Bankkonto unterst\u00fctzen<\/strong><\/p>\n<p><strong>IBAN LI90 0880 0565 6348 8200 1<\/strong><br \/>\nLiechtensteinische Landesbank AG<br \/>\n9490 Vaduz \u2013 Liechtenstein[\/vc_column_text][\/vc_column][\/vc_row]\n<\/section>","protected":false},"excerpt":{"rendered":"<p>[vc_row][vc_column][vc_empty_space height=&#8221;60px&#8221;][\/vc_column][\/vc_row][vc_row][vc_column width=&#8221;1\/4&#8243;][vc_empty_space height=&#8221;10px&#8221;][vc_single_image image=&#8221;5672735&#8243; img_size=&#8221;full&#8221; onclick=&#8221;custom_link&#8221; link=&#8221;\/wp-content\/uploads\/sites\/7\/2025\/10\/Calendario2026.pdf&#8221;][vc_empty_space height=&#8221;10px&#8221;][\/vc_column][vc_column width=&#8221;3\/4&#8243;][vc_column_text]Liebe Freunde 2025 haben Sie&#8230;<\/p>\n","protected":false},"author":1,"featured_media":0,"parent":0,"menu_order":0,"comment_status":"closed","ping_status":"closed","template":"","meta":{"footnotes":""},"class_list":["post-5672734","page","type-page","status-publish","hentry"],"_links":{"self":[{"href":"https:\/\/www.amiciterzomondo.com\/index.php\/wp-json\/wp\/v2\/pages\/5672734","targetHints":{"allow":["GET"]}}],"collection":[{"href":"https:\/\/www.amiciterzomondo.com\/index.php\/wp-json\/wp\/v2\/pages"}],"about":[{"href":"https:\/\/www.amiciterzomondo.com\/index.php\/wp-json\/wp\/v2\/types\/page"}],"author":[{"embeddable":true,"href":"https:\/\/www.amiciterzomondo.com\/index.php\/wp-json\/wp\/v2\/users\/1"}],"replies":[{"embeddable":true,"href":"https:\/\/www.amiciterzomondo.com\/index.php\/wp-json\/wp\/v2\/comments?post=5672734"}],"version-history":[{"count":3,"href":"https:\/\/www.amiciterzomondo.com\/index.php\/wp-json\/wp\/v2\/pages\/5672734\/revisions"}],"predecessor-version":[{"id":5672742,"href":"https:\/\/www.amiciterzomondo.com\/index.php\/wp-json\/wp\/v2\/pages\/5672734\/revisions\/5672742"}],"wp:attachment":[{"href":"https:\/\/www.amiciterzomondo.com\/index.php\/wp-json\/wp\/v2\/media?parent=5672734"}],"curies":[{"name":"wp","href":"https:\/\/api.w.org\/{rel}","templated":true}]}}