{"id":5672404,"date":"2022-11-20T15:40:54","date_gmt":"2022-11-20T15:40:54","guid":{"rendered":"https:\/\/www.amiciterzomondo.com\/?page_id=5672404"},"modified":"2022-11-20T15:42:56","modified_gmt":"2022-11-20T15:42:56","slug":"statuten","status":"publish","type":"page","link":"https:\/\/www.amiciterzomondo.com\/index.php\/de\/statuten\/","title":{"rendered":"Statuten"},"content":{"rendered":"<section class=\"wpb-content-wrapper\">[vc_row][vc_column]<div class=\"norebro-heading-sc heading text-left\"\n\tid=\"norebro-custom-69f751e19cba5\" \n\t \n\t>\n\t\n\t\n\t\n\t<h3 class=\"title\">\n\t\tStatuten\t<\/h3>\n\n\t\n\t\t\t<p class=\"subtitle\">\n\t\t\t\t\t<\/p>\n\t\t\n<\/div>[\/vc_column][\/vc_row][vc_row][vc_column][vc_column_text]\n<p class=\"p2\"><strong>1. Name und Sitz<\/strong><\/p>\n<p class=\"p3\">Unter dem Namen \u201eAMICI TERZO MONDO \u2010 FREUNDE DRITTE WELT \u2013 AMIS TIERS MONDE\u201c besteht ein Verein mit Sitz an der Feldkircher Strasse 9 in 9494 Schaan, Fu\u0308rstentum Liechtenstein. Er ist politisch und konfessionell unabh\u00e4ngig.<\/p>\n<p class=\"p2\"><strong>2. Ziel und Zweck<\/strong><\/p>\n<p class=\"p3\">Der Verein unterstu\u0308tzt<\/p>\n<ul>\n<li class=\"p3\">einzelne Personen, Institutionen, etc. in der Dritten Welt<\/li>\n<li class=\"p3\">Pflege von Kontakten mit Menschen aus der Dritten Welt<\/li>\n<li class=\"p3\">Zusammenarbeit mit Vereinen mit \u00e4hnlichen Zielsetzungen<\/li>\n<li class=\"p3\">Beschaffung von Mitteln zur Unterstu\u0308tzung der Projekte<\/li>\n<\/ul>\n<p class=\"p3\">Der Verein verfolgt keine kommerziellen Zwecke und erstrebt keinen Gewinn. Die Organe sind ehrenamtlich t\u00e4tig.<\/p>\n<p class=\"p2\"><strong>3. Mittel<\/strong><\/p>\n<p class=\"p3\">Zur Verfolgung des Vereinszweckes verfu\u0308gt der Verein u\u0308ber folgende Mittel:<\/p>\n<ul>\n<li class=\"p3\">Mitgliederbeitr\u00e4ge<\/li>\n<li class=\"p3\">Ertr\u00e4ge aus eigenen Veranstaltungen oder Aktionen<\/li>\n<li class=\"p3\">Subventionen<\/li>\n<li class=\"p3\">Spenden und Zuwendungen aller Art<\/li>\n<\/ul>\n<p class=\"p3\">Die Mitgliederbeitr\u00e4ge werden j\u00e4hrlich durch die Mitgliederversammlung festgelegt.<\/p>\n<p class=\"p3\">Das Gesch\u00e4ftsjahr entspricht dem Kalenderjahr.<\/p>\n<p class=\"p2\"><strong>4. Mitgliedschaft<\/strong><\/p>\n<p class=\"p3\">Mitglieder k\u00f6nnen natu\u0308rliche und juristische Personen werden, die den Vereinszweck unterstu\u0308tzen.<\/p>\n<p class=\"p3\">Aufnahmegesuche sind an den Vorstand zu richten; u\u0308ber die Aufnahme entscheidet der Vorstand.<\/p>\n<p class=\"p2\"><strong>5. Erl\u00f6schen der Mitgliedschaft<\/strong><\/p>\n<p class=\"p3\">Die Mitgliedschaft erlischt<\/p>\n<p class=\"p3\">&#8211; bei natu\u0308rlichen Personen durch Austritt, Ausschluss oder Tod.<\/p>\n<p class=\"p3\">&#8211; bei juristischen Personen durch Austritt, Ausschluss oder Aufl\u00f6sung der juristischen Person.<\/p>\n<p class=\"p2\"><strong>6. Austritt und Ausschluss<\/strong><\/p>\n<p class=\"p3\">Ein Vereinsaustritt ist jederzeit mit Meldung an den Vorstand m\u00f6glich. Das Austrittsschreiben muss mindestens 4 Wochen vor dem Termin schriftlich an den Vorstand gerichtet werden.<\/p>\n<p class=\"p3\">Fu\u0308r das angebrochene Jahr ist der volle Mitgliederbeitrag zu bezahlen.<\/p>\n<p class=\"p3\">Ein Mitglied kann jederzeit wegen Verletzung der Statuten, Verst\u00f6sse gegen die Ziele des Vereins, aus dem Verein ausgeschlossen werden.<\/p>\n<p class=\"p3\">Der Vorstand f\u00e4llt den Ausschlussentscheid; das Mitglied kann den Ausschlussentscheid an die Mitgliederversammlung weiterziehen.<\/p>\n<p class=\"p3\">Bleibt ein Mitglied trotz Mahnung den Mitgliederbeitrag schuldig, kann es vom Vorstand automatisch ausgeschlossen werden.<\/p>\n<p class=\"p2\"><strong>7. Organe des Vereins<\/strong><\/p>\n<p class=\"p3\">Die Organe des Vereins sind:<\/p>\n<p class=\"p3\">a) die Mitgliederversammlung<\/p>\n<p class=\"p3\">b) der Vorstand<\/p>\n<p class=\"p3\">c) die Revisionsstelle<\/p>\n<p class=\"p2\"><strong>8. Die Mitgliederversammlung<\/strong><\/p>\n<p class=\"p3\">Das oberste Organ des Vereins ist die Mitgliederversammlung. Eine ordentliche Mitgliederversammlung findet j\u00e4hrlich in der ersten Jahresh\u00e4lfte statt<span class=\"s1\">.<\/span><\/p>\n<p class=\"p3\">Zur Mitgliederversammlung werden die Mitglieder mind. 14 Tage im Voraus schriftlich unter Angabe der Traktanden eingeladen. Einladungen per E\u2010Mail sind gu\u0308ltig.<\/p>\n<p class=\"p3\">Antr\u00e4ge fu\u0308r zus\u00e4tzliche Gesch\u00e4fte zuhanden der Mitgliederversammlung sind bis sp\u00e4testens 7<\/p>\n<p class=\"p3\">Tage schriftlich an den Vorstand zu richten.<\/p>\n<p class=\"p3\">Der Vorstand oder 1\/5 der Mitglieder k\u00f6nnen jederzeit die Einberufung einer ausserordentlichen Mitgliederversammlung unter Angaben des Zwecks verlangen. Die Versammlung hat sp\u00e4testens 4 Wochen nach Eingang des Begehrens zu erfolgen.<\/p>\n<p class=\"p3\">Die Mitgliederversammlung hat die folgenden unentziehbaren Aufgaben und Kompetenzen:<\/p>\n<p class=\"p3\">a) Genehmigung des Protokolls der letzten Mitgliederversammlung<\/p>\n<p class=\"p3\">b) Genehmigung des Jahresberichts des Vorstands<\/p>\n<p class=\"p3\">c) Entgegennahme des Revisionsberichts und Genehmigung der Jahresrechnung<\/p>\n<p class=\"p3\"><span class=\"s1\">d) <\/span>Entlastung des Vorstandes<\/p>\n<p class=\"p3\">e) Wahl des Pr\u00e4sidenten\/der Pr\u00e4sidentin und der u\u0308brigen Vorstandsmitglieder sowie der Revisionsstelle.<\/p>\n<p class=\"p3\">f) Festsetzung des Mitgliederbeitrages<\/p>\n<p class=\"p3\">g) Kenntnisnahme des Jahresbudgets<\/p>\n<p class=\"p3\">h) Kenntnisnahme des T\u00e4tigkeitsprogramms<\/p>\n<p class=\"p3\">i) Beschlussfassung u\u0308ber Antr\u00e4ge des Vorstands und der Mitglieder<\/p>\n<p class=\"p3\">j) \u00c4nderung der Statuten<\/p>\n<p class=\"p3\">k) Entscheid u\u0308ber Ausschlu\u0308sse von Mitgliedern.<\/p>\n<p class=\"p3\">l) Beschlussfassung u\u0308ber die Aufl\u00f6sung des Vereins und die Verwendung des Liquidationserl\u00f6ses.<\/p>\n<p class=\"p3\">Jede ordnungsgem\u00e4ss einberufene Mitgliederversammlung ist unabh\u00e4ngig von der Anzahl der anwesenden Mitglieder beschlussf\u00e4hig.<\/p>\n<p class=\"p3\">Die Mitglieder fassen die Beschlu\u0308sse mit dem einfachen Mehr. Bei Stimmengleichheit f\u00e4llt die\/der Vorsitzende den Stichentscheid.<\/p>\n<p class=\"p3\">Statuten\u00e4nderungen ben\u00f6tigen die Zustimmung einer 2\/3 \u2013Mehrheit der Stimmberechtigten.<\/p>\n<p class=\"p3\">Stellvertretung: Ein Vereinsmitglied kann sich in der Mitgliederversammlung via Vollmacht von einem anderen Vereinsmitglied vertreten lassen. Jedes Vereinsmitglied kann h\u00f6chstens 1 Mitglied(er) vertreten.<\/p>\n<p>\u00dcber die gefassten Beschlu\u0308sse ist zumindest ein Beschlussprotokoll abzufassen.<\/p>\n<p class=\"p2\"><strong>9. Der Vorstand<\/strong><\/p>\n<p class=\"p3\">Der Vorstand besteht aus 5 bis 7 Personen.<\/p>\n<p class=\"p3\">Er konstituiert sich selber.<\/p>\n<p class=\"p3\">Die Amtszeit betr\u00e4gt 4 Jahre. Die Wiederwahl ist m\u00f6glich.<\/p>\n<p class=\"p3\">Der Vorstand fu\u0308hrt die laufenden Gesch\u00e4fte und vertritt den Verein nach aussen.<\/p>\n<p class=\"p3\">Er erl\u00e4sst Reglemente.<\/p>\n<p class=\"p3\">Er kann Arbeitsgruppen (Fachgruppen) einsetzen.<\/p>\n<p class=\"p3\">Der Vorstand verfu\u0308gt u\u0308ber alle Kompetenzen, die nicht von Gesetzes wegen oder gem\u00e4ss diesen Statuten einem anderen Organ u\u0308bertragen sind.<\/p>\n<p class=\"p3\">Im Vorstand sind folgende Ressorts vertreten:<\/p>\n<p class=\"p3\">a) Pr\u00e4sidium<\/p>\n<p class=\"p3\">b) Vizepr\u00e4sidium<\/p>\n<p class=\"p3\">c) Finanzen<\/p>\n<p class=\"p3\">d) Aktuariat<\/p>\n<p class=\"p3\">e) (weitere)<\/p>\n<p class=\"p3\">\u00c4mterkumulation ist m\u00f6glich.<\/p>\n<p class=\"p3\">Der Vorstand versammelt sich, so oft es die Gesch\u00e4fte verlangen. Jedes Vorstandsmitglied kann unter Angabe der Gru\u0308nde die Einberufung einer Sitzung verlangen.<\/p>\n<p class=\"p3\">Sofern kein Vorstandsmitglied mu\u0308ndliche Beratung verlangt, ist die Beschlussfassung auf dem Zirkularweg (auch E-Mail) gu\u0308ltig.<\/p>\n<p class=\"p3\">Der Vorstand ist ehrenamtlich und unentgeltlich t\u00e4tig.<\/p>\n<p class=\"p2\"><strong>10. Die Revisionsstelle<\/strong><\/p>\n<p class=\"p3\">Die Mitgliederversammlung w\u00e4hlt 1 Rechnungsrevisoren oder eine juristische Person, welche die Buchfu\u0308hrung kontrollieren und mindestens einmal j\u00e4hrlich eine Stichkontrolle durchfu\u0308hren.<\/p>\n<p class=\"p3\">Die Revisionsstelle erstattet dem Vorstand zuhanden der Mitgliederversammlung Bericht.<\/p>\n<p class=\"p3\">Die Amtszeit betr\u00e4gt 4 Jahre<span class=\"s2\">. <\/span>Wiederwahl ist m\u00f6glich.<\/p>\n<p class=\"p2\"><strong>11. Zeichnungsberechtigung<\/strong><\/p>\n<p class=\"p3\">Der Vorstand regelt die Zeichnungsberechtigung.<\/p>\n<p class=\"p2\"><strong>12. Haftung<\/strong><\/p>\n<p class=\"p3\">Fu\u0308r die Schulden des Vereins haftet nur das Vereinsverm\u00f6gen. Eine pers\u00f6nliche Haftung der Mitglieder ist ausgeschlossen.<\/p>\n<p class=\"p2\"><strong>13. Aufl\u00f6sung des Vereins<\/strong><\/p>\n<p class=\"p3\">Die Aufl\u00f6sung des Vereins kann durch Beschluss einer ordentlichen oder ausserordentlichen Mitgliederversammlung mit dem Stimmenmehr 2\/3 der anwesenden Mitglieder erfolgen.<\/p>\n<p class=\"p3\">Bei einer Aufl\u00f6sung des Vereins f\u00e4llt das Vereinsverm\u00f6gen an eine steuerbefreite Organisation im Liechtenstein, welche den gleichen oder einen \u00e4hnlichen Zweck verfolgt. Die Verteilung des Vereinsverm\u00f6gens unter den Mitgliedern ist ausgeschlossen.<\/p>\n<p class=\"p2\"><strong>14. Inkrafttreten<\/strong><\/p>\n<p class=\"p3\">Diese Statuten wurden an der Gru\u0308ndungsversammlung vom 19.08.2022 angenommen und sind mit diesem Datum in Kraft getreten.<\/p>\n<p class=\"p3\">Schaan, 19.08.2022<\/p>\n[\/vc_column_text][\/vc_column][\/vc_row]\n<\/section>","protected":false},"excerpt":{"rendered":"<p>[vc_row][vc_column][\/vc_column][\/vc_row][vc_row][vc_column][vc_column_text] 1. Name und Sitz Unter dem Namen \u201eAMICI TERZO MONDO \u2010 FREUNDE DRITTE&#8230;<\/p>\n","protected":false},"author":1,"featured_media":0,"parent":0,"menu_order":0,"comment_status":"closed","ping_status":"closed","template":"","meta":{"footnotes":""},"class_list":["post-5672404","page","type-page","status-publish","hentry"],"_links":{"self":[{"href":"https:\/\/www.amiciterzomondo.com\/index.php\/wp-json\/wp\/v2\/pages\/5672404","targetHints":{"allow":["GET"]}}],"collection":[{"href":"https:\/\/www.amiciterzomondo.com\/index.php\/wp-json\/wp\/v2\/pages"}],"about":[{"href":"https:\/\/www.amiciterzomondo.com\/index.php\/wp-json\/wp\/v2\/types\/page"}],"author":[{"embeddable":true,"href":"https:\/\/www.amiciterzomondo.com\/index.php\/wp-json\/wp\/v2\/users\/1"}],"replies":[{"embeddable":true,"href":"https:\/\/www.amiciterzomondo.com\/index.php\/wp-json\/wp\/v2\/comments?post=5672404"}],"version-history":[{"count":2,"href":"https:\/\/www.amiciterzomondo.com\/index.php\/wp-json\/wp\/v2\/pages\/5672404\/revisions"}],"predecessor-version":[{"id":5672407,"href":"https:\/\/www.amiciterzomondo.com\/index.php\/wp-json\/wp\/v2\/pages\/5672404\/revisions\/5672407"}],"wp:attachment":[{"href":"https:\/\/www.amiciterzomondo.com\/index.php\/wp-json\/wp\/v2\/media?parent=5672404"}],"curies":[{"name":"wp","href":"https:\/\/api.w.org\/{rel}","templated":true}]}}