{"id":5672354,"date":"2022-11-20T06:52:01","date_gmt":"2022-11-20T06:52:01","guid":{"rendered":"https:\/\/www.amiciterzomondo.com\/?page_id=5672354"},"modified":"2022-12-03T22:21:47","modified_gmt":"2022-12-03T22:21:47","slug":"fernadoptionen","status":"publish","type":"page","link":"https:\/\/www.amiciterzomondo.com\/index.php\/de\/fernadoptionen\/","title":{"rendered":"Fernadoptionen"},"content":{"rendered":"<section class=\"wpb-content-wrapper\">[vc_row][vc_column]<div class=\"norebro-heading-sc heading text-left\"\n\tid=\"norebro-custom-69f751e0a8269\" \n\t \n\t>\n\t\n\t\n\t\n\t<h3 class=\"title\">\n\t\tFernadoptionen\t<\/h3>\n\n\t\n\t\t\t<p class=\"subtitle\">\n\t\t\t\t\t<\/p>\n\t\t\n<\/div>[\/vc_column][\/vc_row][vc_row][vc_column width=&#8221;1\/4&#8243;][vc_single_image image=&#8221;5672536&#8243; img_size=&#8221;full&#8221; css=&#8221;.vc_custom_1670106098558{padding-top: 20px !important;}&#8221;][\/vc_column][vc_column width=&#8221;3\/4&#8243;][vc_column_text]<strong>BETEILIGEN SIE SICH AN UNSEREM PROJEKT IN TONDO-MANILA AUF DEN PHILIPPINEN<\/strong><br \/>\nW\u00fcrden Sie auch gerne ein Kind aus der Ferne adoptieren? Einem Kind aus der Dritten Welt eine Zukunft geben, ihm die M\u00f6glichkeit geben, zur Schule zu gehen und ein Minimum an Betreuung zu erhalten?<br \/>\nDann k\u00f6nnen Sie unser Projekt &#8220;Eine Hand hilft der anderen&#8221; unterst\u00fctzen, das viele Kinder in Tondo, dem \u00e4rmsten Vorort von Manila auf den Philippinen, f\u00f6rdert und unterst\u00fctzt. &#8220;Fernadoptionen&#8221; gew\u00e4hrleisten, dass Kinder, die dazu bereit sind, die Schule besuchen k\u00f6nnen. Und sie geben ihnen die Hoffnung, in Zukunft einen Arbeitsplatz zu finden.<br \/>\nSeit dem Jahr 2000 steht Don Egidio Todeschini in Kontakt mit den Kanossianerpatres (FdCC) auf den Philippinen und Pater Giovanni Gentilin, der f\u00fcr das Projekt verantwortlich ist. \u00dcber Don Egidio haben sich bereits etwa hundert Paten diesem Projekt angeschlossen.<br \/>\nDar\u00fcber hinaus werden jedes Jahr weitere 50 Kinder auf der Insel Leyte (Philippinen) durch die Spenden unterst\u00fctzt, die zu Weihnachten mit der Verteilung des Jahreskalenders gesammelt werden.<\/p>\n<p><strong>Die Kinder des Smokey Mountain<\/strong><br \/>\nSmokey Mountain: der rauchende Berg. So hei\u00dft die gro\u00dfe M\u00fcllkippe in Tondo, auf der der gesamte Abfall der Metropole Manila aufgeh\u00e4uft wird. Hunderttausende von Menschen leben im Tondo-Slum. In Tondo arbeitet auch Pater Giovanni mit anderen Canossa-Patres zusammen, mit dem wir bei unseren Fernadoptionen zusammenarbeiten wollen.<\/p>\n<p><strong>Kurze n\u00fctzliche Informationen<\/strong><br \/>\nDas Schuljahr auf den Philippinen beginnt im Juni und endet Ende M\u00e4rz des folgenden Jahres.<br \/>\nDie Paten erhalten ein Foto ihres Patenkindes mit einer Familienkartei<br \/>\nZweimal im Jahr erhalten die Paten das Zeugnis ihres Patenkindes<br \/>\nDie Organisation Tondo verpflichtet sich, das adoptierte Kind bei seiner Erziehung zu menschlichen und christlichen Werten zu begleiten und ihm verschiedene kulturelle und Freizeitaktivit\u00e4ten anzubieten.<br \/>\nDie Organisation verpflichtet sich, dem adoptierten Kind und seiner Familie in jeder Notlage zu helfen<br \/>\nFalls die Patin\/ der Pate kein Englisch spricht oder schreibt, das B\u00fcro in Tondo \u00fcbersetzt die Briefe gerne.<\/p>\n<p><strong>Schule auf den Philippinen<\/strong><br \/>\n6 Jahre Primarschule<br \/>\n4 Jahre Mittelschule<br \/>\n2-4 Jahre h\u00f6here School (je nach Schultyp)<\/p>\n<p><strong>Adoptionsgeb\u00fchren<\/strong><br \/>\nF\u00fcr die Primarschule: CHF 350 pro Jahr<br \/>\nF\u00fcr die Mittelstufe: CHF 400 pro Jahr<br \/>\nF\u00fcr Gymnasien: 500 pro Jahr<br \/>\nIn den Geb\u00fchren enthalten sind: die Einschulung, zwei Schuluniformen pro Jahr (ohne Uniform gibt es keinen Schulbesuch), Transport, Mittagessen, \u00e4rztliche Untersuchungen und das Notwendige f\u00fcr Notf\u00e4lle. Diese Geb\u00fchren sind Richtwerte; wer kann, kann auch mehr geben.<br \/>\nDiejenigen, die eine Patenschaft unterschreiben, k\u00f6nnen ihr Patenkind bis zum Ende des Schuljahres begleiten. Es handelt sich nicht um einen Vertrag, sondern lediglich um eine moralische Verpflichtung. Aus wichtigem Grund kann jeder die Adoption abbrechen, indem er uns davon in Kenntnis setzt, damit wir andere Vorkehrungen treffen k\u00f6nnen.[\/vc_column_text][\/vc_column][\/vc_row]\n<\/section>","protected":false},"excerpt":{"rendered":"<p>[vc_row][vc_column][\/vc_column][\/vc_row][vc_row][vc_column width=&#8221;1\/4&#8243;][vc_single_image image=&#8221;5672536&#8243; img_size=&#8221;full&#8221; css=&#8221;.vc_custom_1670106098558{padding-top: 20px !important;}&#8221;][\/vc_column][vc_column width=&#8221;3\/4&#8243;][vc_column_text]BETEILIGEN SIE SICH AN UNSEREM PROJEKT IN&#8230;<\/p>\n","protected":false},"author":1,"featured_media":0,"parent":0,"menu_order":0,"comment_status":"closed","ping_status":"closed","template":"","meta":{"footnotes":""},"class_list":["post-5672354","page","type-page","status-publish","hentry"],"_links":{"self":[{"href":"https:\/\/www.amiciterzomondo.com\/index.php\/wp-json\/wp\/v2\/pages\/5672354","targetHints":{"allow":["GET"]}}],"collection":[{"href":"https:\/\/www.amiciterzomondo.com\/index.php\/wp-json\/wp\/v2\/pages"}],"about":[{"href":"https:\/\/www.amiciterzomondo.com\/index.php\/wp-json\/wp\/v2\/types\/page"}],"author":[{"embeddable":true,"href":"https:\/\/www.amiciterzomondo.com\/index.php\/wp-json\/wp\/v2\/users\/1"}],"replies":[{"embeddable":true,"href":"https:\/\/www.amiciterzomondo.com\/index.php\/wp-json\/wp\/v2\/comments?post=5672354"}],"version-history":[{"count":5,"href":"https:\/\/www.amiciterzomondo.com\/index.php\/wp-json\/wp\/v2\/pages\/5672354\/revisions"}],"predecessor-version":[{"id":5672537,"href":"https:\/\/www.amiciterzomondo.com\/index.php\/wp-json\/wp\/v2\/pages\/5672354\/revisions\/5672537"}],"wp:attachment":[{"href":"https:\/\/www.amiciterzomondo.com\/index.php\/wp-json\/wp\/v2\/media?parent=5672354"}],"curies":[{"name":"wp","href":"https:\/\/api.w.org\/{rel}","templated":true}]}}