{"id":5672337,"date":"2022-11-19T05:55:12","date_gmt":"2022-11-19T05:55:12","guid":{"rendered":"https:\/\/www.amiciterzomondo.com\/?page_id=5672337"},"modified":"2022-11-19T06:01:06","modified_gmt":"2022-11-19T06:01:06","slug":"kontakte","status":"publish","type":"page","link":"https:\/\/www.amiciterzomondo.com\/index.php\/de\/kontakte\/","title":{"rendered":"Kontakte"},"content":{"rendered":"<section class=\"wpb-content-wrapper\">[vc_row][vc_column]<div class=\"norebro-heading-sc heading text-left\"\n\tid=\"norebro-custom-69f751ca5d677\" \n\t \n\t>\n\t\n\t\n\t\n\t<h3 class=\"title\">\n\t\tKontakte\t<\/h3>\n\n\t\n\t\t\t<p class=\"subtitle\">\n\t\t\t\t\t<\/p>\n\t\t\n<\/div>[vc_empty_space height=&#8221;60px&#8221;][\/vc_column][\/vc_row][vc_row][vc_column width=&#8221;1\/3&#8243;][vc_single_image image=&#8221;5672229&#8243; img_size=&#8221;medium&#8221;][\/vc_column][vc_column width=&#8221;1\/3&#8243;][vc_column_text]<strong>Freunde Dritte Welt<\/strong><br \/>\nFeldkircher Strasse 9<br \/>\n9494 Schaan<br \/>\nLiechtenstein<br \/>\nE-mail: info@amiciterzomondo.com[\/vc_column_text][\/vc_column][vc_column width=&#8221;1\/3&#8243;][vc_column_text]<strong>Du kannst unsere Projekte und Aktivit\u00e4ten mit deiner Spende \u00fcber folgendes Bankkonto unterst\u00fctzen<\/strong><\/p>\n<p><strong>IBAN LI90 0880 0565 6348 8200 1<\/strong><br \/>\nLiechtensteinische Landesbank AG<br \/>\n9490 Vaduz &#8211; Liechtenstein[\/vc_column_text][\/vc_column][\/vc_row]\n<\/section>","protected":false},"excerpt":{"rendered":"<p>[vc_row][vc_column][vc_empty_space height=&#8221;60px&#8221;][\/vc_column][\/vc_row][vc_row][vc_column width=&#8221;1\/3&#8243;][vc_single_image image=&#8221;5672229&#8243; img_size=&#8221;medium&#8221;][\/vc_column][vc_column width=&#8221;1\/3&#8243;][vc_column_text]Freunde Dritte Welt Feldkircher Strasse 9 9494 Schaan Liechtenstein&#8230;<\/p>\n","protected":false},"author":1,"featured_media":0,"parent":0,"menu_order":0,"comment_status":"closed","ping_status":"closed","template":"","meta":{"footnotes":""},"class_list":["post-5672337","page","type-page","status-publish","hentry"],"_links":{"self":[{"href":"https:\/\/www.amiciterzomondo.com\/index.php\/wp-json\/wp\/v2\/pages\/5672337","targetHints":{"allow":["GET"]}}],"collection":[{"href":"https:\/\/www.amiciterzomondo.com\/index.php\/wp-json\/wp\/v2\/pages"}],"about":[{"href":"https:\/\/www.amiciterzomondo.com\/index.php\/wp-json\/wp\/v2\/types\/page"}],"author":[{"embeddable":true,"href":"https:\/\/www.amiciterzomondo.com\/index.php\/wp-json\/wp\/v2\/users\/1"}],"replies":[{"embeddable":true,"href":"https:\/\/www.amiciterzomondo.com\/index.php\/wp-json\/wp\/v2\/comments?post=5672337"}],"version-history":[{"count":3,"href":"https:\/\/www.amiciterzomondo.com\/index.php\/wp-json\/wp\/v2\/pages\/5672337\/revisions"}],"predecessor-version":[{"id":5672340,"href":"https:\/\/www.amiciterzomondo.com\/index.php\/wp-json\/wp\/v2\/pages\/5672337\/revisions\/5672340"}],"wp:attachment":[{"href":"https:\/\/www.amiciterzomondo.com\/index.php\/wp-json\/wp\/v2\/media?parent=5672337"}],"curies":[{"name":"wp","href":"https:\/\/api.w.org\/{rel}","templated":true}]}}