{"id":5672312,"date":"2022-11-18T20:57:39","date_gmt":"2022-11-18T20:57:39","guid":{"rendered":"https:\/\/www.amiciterzomondo.com\/?page_id=5672312"},"modified":"2022-12-04T06:25:55","modified_gmt":"2022-12-04T06:25:55","slug":"was-machen-wir","status":"publish","type":"page","link":"https:\/\/www.amiciterzomondo.com\/index.php\/de\/was-machen-wir\/","title":{"rendered":"Was machen wir\u00a0"},"content":{"rendered":"<section class=\"wpb-content-wrapper\">[vc_row][vc_column]<div class=\"norebro-heading-sc heading text-left\"\n\tid=\"norebro-custom-69f751f306b83\" \n\t \n\t>\n\t\n\t\n\t\n\t<h3 class=\"title\">\n\t\tWas machen wir\t<\/h3>\n\n\t\n\t\t\t<p class=\"subtitle\">\n\t\t\t\t\t<\/p>\n\t\t\n<\/div>[\/vc_column][\/vc_row][vc_row][vc_column width=&#8221;1\/4&#8243;][vc_single_image image=&#8221;5672540&#8243; img_size=&#8221;full&#8221; css=&#8221;.vc_custom_1670135153434{padding-top: 20px !important;}&#8221;][\/vc_column][vc_column width=&#8221;3\/4&#8243;][vc_column_text]\n<p class=\"\">Der Verein unterst\u00fctzt Institutionen, Schulen, Kirchengemeinden, Einzelpersonen in der Dritten Welt mit kleinen Projekten, meist zu Gunsten armer Kinder mit Fernadoptionen, Stipendien, Schulf\u00f6rderung, um ihnen Hoffnung und Mut zu geben.<\/p>\n<p class=\"\">Alle unsere Projekte werden in Zusammenarbeit mit Menschen durchgef\u00fchrt, die vor Ort leben und arbeiten und die den Mitgliedern der Vereinigung pers\u00f6nlich bekannt sind: Bisch\u00f6fe und Missionare, Lehrer, Sozialarbeiter und lokale Komitees.<\/p>\n<p>Heute, da der Klimawandel und die Schrecken des Krieges in der Ukraine immer mehr in den Vordergrund r\u00fccken, ist die Not der Menschen und Kinder in der Dritten Welt in den Hintergrund getreten, w\u00e4hrend Inflation und Nahrungsmittelknappheit die Not und den Hunger der Bev\u00f6lkerung noch verst\u00e4rkt haben. Deshalb brauchen diese Menschen mehr als in den vergangenen Jahren unsere Unterst\u00fctzung.<\/p>\n<p>In diesem Jahr m\u00f6chten wir Ihnen mit dem Kalender 2023 eine Solidarit\u00e4tsaktion zugunsten einiger kleiner Projekte anbieten:<\/p>\n<ul>\n<li>Adoption von 25 Kindern aus Dagami (Leyte, Philippinen)<\/li>\n<li>Soziale Werke der Di\u00f6zese Emdibir (\u00c4thiopien)<\/li>\n<li>Soziale Werke der Di\u00f6zese Beira (Mosambik)<\/li>\n<li>Soziale Werke der Di\u00f6zese Abomey (Benin)<\/li>\n<li>Gehalt von zwei Lehrern (Gizo, Salomonen)<\/li>\n<li>Unterst\u00fctzung f\u00fcr arme Studierende (Senegal + Ecuador)<\/li>\n<li>Schule und Waisenhaus Nova Vida (Sap\u00e9, Brasilien)<\/li>\n<\/ul>\n<p>So wollen wir einigen der vielen Kinder in der Welt helfen, Ihnen Hoffnung \u00fcbermitteln<\/p>\n<p>Wir danken Ihnen f\u00fcr Ihre grossz\u00fcgige Unterst\u00fctzung.<\/p>\n<p class=\"\">Unser Engagement ist nur ein Tropfen in der W\u00fcste, die wir bew\u00e4ssern wollen, damit sie zu einem fruchtbaren Boden f\u00fcr ein w\u00fcrdigeres Leben f\u00fcr alle wird.<\/p>\n[\/vc_column_text][\/vc_column][\/vc_row]\n<\/section>","protected":false},"excerpt":{"rendered":"<p>[vc_row][vc_column][\/vc_column][\/vc_row][vc_row][vc_column width=&#8221;1\/4&#8243;][vc_single_image image=&#8221;5672540&#8243; img_size=&#8221;full&#8221; css=&#8221;.vc_custom_1670135153434{padding-top: 20px !important;}&#8221;][\/vc_column][vc_column width=&#8221;3\/4&#8243;][vc_column_text] Der Verein unterst\u00fctzt Institutionen, Schulen, Kirchengemeinden,&#8230;<\/p>\n","protected":false},"author":1,"featured_media":0,"parent":0,"menu_order":0,"comment_status":"closed","ping_status":"closed","template":"","meta":{"footnotes":""},"class_list":["post-5672312","page","type-page","status-publish","hentry"],"_links":{"self":[{"href":"https:\/\/www.amiciterzomondo.com\/index.php\/wp-json\/wp\/v2\/pages\/5672312","targetHints":{"allow":["GET"]}}],"collection":[{"href":"https:\/\/www.amiciterzomondo.com\/index.php\/wp-json\/wp\/v2\/pages"}],"about":[{"href":"https:\/\/www.amiciterzomondo.com\/index.php\/wp-json\/wp\/v2\/types\/page"}],"author":[{"embeddable":true,"href":"https:\/\/www.amiciterzomondo.com\/index.php\/wp-json\/wp\/v2\/users\/1"}],"replies":[{"embeddable":true,"href":"https:\/\/www.amiciterzomondo.com\/index.php\/wp-json\/wp\/v2\/comments?post=5672312"}],"version-history":[{"count":5,"href":"https:\/\/www.amiciterzomondo.com\/index.php\/wp-json\/wp\/v2\/pages\/5672312\/revisions"}],"predecessor-version":[{"id":5672541,"href":"https:\/\/www.amiciterzomondo.com\/index.php\/wp-json\/wp\/v2\/pages\/5672312\/revisions\/5672541"}],"wp:attachment":[{"href":"https:\/\/www.amiciterzomondo.com\/index.php\/wp-json\/wp\/v2\/media?parent=5672312"}],"curies":[{"name":"wp","href":"https:\/\/api.w.org\/{rel}","templated":true}]}}