{"id":5672281,"date":"2022-11-04T05:21:18","date_gmt":"2022-11-04T05:21:18","guid":{"rendered":"https:\/\/www.amiciterzomondo.com\/?page_id=5672281"},"modified":"2024-11-17T11:32:16","modified_gmt":"2024-11-17T11:32:16","slug":"home-page-de","status":"publish","type":"page","link":"https:\/\/www.amiciterzomondo.com\/index.php\/de\/home-page-de\/","title":{"rendered":"Home Page DE"},"content":{"rendered":"<section class=\"wpb-content-wrapper\">[vc_row full_width=&#8221;stretch_row&#8221; side_background_title_color=&#8221;rgba(0,0,0,0.03)&#8221; side_background_title_typo=&#8221;font_size~110||letter_spacing~-1||weight~600||uppercase~1&#8243; el_id=&#8221;home&#8221;][vc_column width=&#8221;1\/4&#8243;][vc_empty_space height=&#8221;50px&#8221; el_class=&#8221;norebro-phone-space&#8221;][vc_single_image image=&#8221;5672229&#8243; img_size=&#8221;full&#8221;][\/vc_column][vc_column width=&#8221;3\/4&#8243;][vc_empty_space height=&#8221;50px&#8221; el_class=&#8221;norebro-phone-space&#8221;][vc_single_image image=&#8221;5672718&#8243; img_size=&#8221;full&#8221;][\/vc_column][\/vc_row][vc_row full_width=&#8221;stretch_row&#8221; side_background_title_color=&#8221;rgba(0,0,0,0.03)&#8221; side_background_title_typo=&#8221;font_size~110||letter_spacing~-1||weight~600||uppercase~1&#8243;][vc_column][vc_empty_space height=&#8221;50px&#8221; el_class=&#8221;norebro-phone-space&#8221;]<div class=\"norebro-heading-sc heading text-left\"\n\tid=\"norebro-custom-69f744ef11341\" \n\t \n\t>\n\t\n\t\t\t<p class=\"subtitle\">\n\t\t\t\t\t<\/p>\n\t\n\t\n\t<h3 class=\"title subtitle-top\">\n\t\tDer Verein unterst\u00fctzt <span class=\"brand-color\">Kinder<\/span>, <span class=\"brand-color\">Frauen<\/span>, <span class=\"brand-color\">Gemeinden<\/span> und <span class=\"brand-color\">Einrichtungen in der Dritten Welt<\/span>. Er arbeitet mit Verb\u00e4nden zusammen, um Mittel zur Unterst\u00fctzung humanit\u00e4rer Projekte zu beschaffen. <span class=\"brand-color\">Der Verein ist nicht gewinnorientiert und besteht aus Freiwilligen.<\/span>\t<\/h3>\n\n\t\n\t\t\n<\/div>[vc_empty_space height=&#8221;50px&#8221; el_class=&#8221;norebro-phone-space&#8221;][\/vc_column][\/vc_row][vc_row disable_element=&#8221;yes&#8221;][vc_column width=&#8221;1\/3&#8243;][vc_empty_space height=&#8221;50px&#8221;][vc_single_image image=&#8221;5672323&#8243; img_size=&#8221;full&#8221;][\/vc_column][vc_column width=&#8221;1\/3&#8243;][vc_empty_space height=&#8221;50px&#8221;]<div class=\"norebro-heading-sc heading text-left\"\n\tid=\"norebro-custom-69f744ef11422\" \n\t \n\t>\n\t\n\t\t\t<p class=\"subtitle\">\n\t\t\t\t\t<\/p>\n\t\n\t\n\t<h3 class=\"title subtitle-top\">\n\t\tDer Verein unterst\u00fctzt <span class=\"brand-color\">Kinder<\/span>, <span class=\"brand-color\">Frauen<\/span>, <span class=\"brand-color\">Gemeinden<\/span> und <span class=\"brand-color\">Einrichtungen in der Dritten Welt<\/span>. Er arbeitet mit Verb\u00e4nden zusammen, um Mittel zur Unterst\u00fctzung humanit\u00e4rer Projekte zu beschaffen. <span class=\"brand-color\">Der Verein ist nicht gewinnorientiert und besteht aus Freiwilligen.<\/span>\t<\/h3>\n\n\t\n\t\t\n<\/div>[vc_empty_space height=&#8221;80px&#8221;][\/vc_column][vc_column width=&#8221;1\/3&#8243;][vc_empty_space height=&#8221;50px&#8221;][vc_single_image image=&#8221;5672606&#8243; img_size=&#8221;401&#215;600&#8243;][vc_empty_space height=&#8221;50px&#8221;][\/vc_column][\/vc_row][vc_row][vc_column css=&#8221;.vc_custom_1668955490900{padding-top: 70px !important;padding-right: 75px !important;padding-bottom: 75px !important;padding-left: 75px !important;background-color: #c3dca0 !important;}&#8221;]<div class=\"norebro-heading-sc heading text-left\"\n\tid=\"norebro-custom-69f744ef114d8\" \n\t \n\t>\n\t\n\t\n\t\n\t<h3 class=\"title\">\n\t\t- Projekte der internationalen Zusammenarbeit <br \/>\n- Unterst\u00fctzung aus der Ferne <br \/>\n- Nachhaltige Entwicklung <br \/>\n- Unterst\u00fctzung von Gemeinschaften in Entwicklungsgebieten <br \/>\t<\/h3>\n\n\t\n\t\t\t<p class=\"subtitle\">\n\t\t\t\t\t<\/p>\n\t\t\n<\/div><div class=\"norebro-cta-sc call-to-action\"\n\tid=\"norebro-custom-69f744ef1159c\"\n\t \n\t>\n\n\t<div class=\"content-center\">\n\t\t<div class=\"wrap\">\n\t\t\t<h3 class=\"title\">\n\t\t\t\tUNTERST\u00dcTZEN AUCH SIE UNSERE AKTIVIT\u00c4TEN\t\t\t<\/h3>\n\t\t\t\t\t<\/div>\n\n\t\t<div class=\"wrap\">\n\t\t\t<a href=\"https:\/\/www.amiciterzomondo.com\/index.php\/de\/kontakte\/\" \n\t\t\tclass=\"btn btn-white btn-squared btn-large btn-outline\">\n\t\t\t\t\t\t\t\t\t<span class=\"icon fa fa-arrow-right\"><\/span>\n\t\t\t\t\t\t\t\t\n\t\t\t\t<span class=\"text\">Spenden Sie jetzt!<\/span>\n\t\t\t\t\n\t\t\t\t\t\t\t<\/a>\n\t\t<\/div>\n\t<\/div>\n\n<\/div>[\/vc_column][\/vc_row][vc_row][vc_column width=&#8221;1\/2&#8243;][vc_empty_space height=&#8221;60px&#8221;]<div class=\"norebro-heading-sc heading text-left\"\n\tid=\"norebro-custom-69f744ef11ec4\" \n\t \n\t>\n\t\n\t\t\t<p class=\"subtitle\">\n\t\t\t\t\t<\/p>\n\t\n\t\n\t<h3 class=\"title subtitle-top\">\n\t\tKontakte\t<\/h3>\n\n\t\n\t\t\n<\/div>[vc_empty_space height=&#8221;20px&#8221;]<div class=\"norebro-text-sc \" \n\tid=\"norebro-custom-69f744ef11f89\" \n\t \n\t>\n\n\t<p><span style=\"color: #4b4b59;\"><strong>Associazione Amici Terzo Mondo<\/strong><br \/>\n<\/span>Feldkircher Strasse 9<br \/>\n9494 Schaan<br \/>\nPrincipato del Liechtenstein<br \/>\nE-mail: info@amiciterzomondo.com<\/p>\n\t\n<\/div>[vc_empty_space height=&#8221;80px&#8221;][\/vc_column][vc_column width=&#8221;1\/2&#8243;][vc_empty_space height=&#8221;60px&#8221;]<div class=\"norebro-heading-sc heading text-left\"\n\tid=\"norebro-custom-69f744ef12009\" \n\t \n\t>\n\t\n\t\n\t\n\t<h3 class=\"title\">\n\t\tMitgliedschaft im Netzwerk Entwicklungszusammenarbeit\t<\/h3>\n\n\t\n\t\t\t<p class=\"subtitle\">\n\t\t\tSeit Juni 2023 sind wir Mitglied im Verein \u201eNetzwerk f\u00fcr Entwicklungszusammenarbeit e.V.\u201c\t\t<\/p>\n\t\t\n<\/div>[vc_empty_space height=&#8221;20px&#8221;][vc_single_image image=&#8221;5672632&#8243; img_size=&#8221;medium&#8221; onclick=&#8221;custom_link&#8221; img_link_target=&#8221;_blank&#8221; link=&#8221;https:\/\/www.entwicklungszusammenarbeit.li\/&#8221;][\/vc_column][\/vc_row]\n<\/section>","protected":false},"excerpt":{"rendered":"<p>[vc_row full_width=&#8221;stretch_row&#8221; side_background_title_color=&#8221;rgba(0,0,0,0.03)&#8221; side_background_title_typo=&#8221;font_size~110||letter_spacing~-1||weight~600||uppercase~1&#8243; el_id=&#8221;home&#8221;][vc_column width=&#8221;1\/4&#8243;][vc_empty_space height=&#8221;50px&#8221; el_class=&#8221;norebro-phone-space&#8221;][vc_single_image image=&#8221;5672229&#8243; img_size=&#8221;full&#8221;][\/vc_column][vc_column width=&#8221;3\/4&#8243;][vc_empty_space height=&#8221;50px&#8221; el_class=&#8221;norebro-phone-space&#8221;][vc_single_image image=&#8221;5672718&#8243;&#8230;<\/p>\n","protected":false},"author":1,"featured_media":0,"parent":0,"menu_order":0,"comment_status":"closed","ping_status":"closed","template":"","meta":{"footnotes":""},"class_list":["post-5672281","page","type-page","status-publish","hentry"],"_links":{"self":[{"href":"https:\/\/www.amiciterzomondo.com\/index.php\/wp-json\/wp\/v2\/pages\/5672281","targetHints":{"allow":["GET"]}}],"collection":[{"href":"https:\/\/www.amiciterzomondo.com\/index.php\/wp-json\/wp\/v2\/pages"}],"about":[{"href":"https:\/\/www.amiciterzomondo.com\/index.php\/wp-json\/wp\/v2\/types\/page"}],"author":[{"embeddable":true,"href":"https:\/\/www.amiciterzomondo.com\/index.php\/wp-json\/wp\/v2\/users\/1"}],"replies":[{"embeddable":true,"href":"https:\/\/www.amiciterzomondo.com\/index.php\/wp-json\/wp\/v2\/comments?post=5672281"}],"version-history":[{"count":30,"href":"https:\/\/www.amiciterzomondo.com\/index.php\/wp-json\/wp\/v2\/pages\/5672281\/revisions"}],"predecessor-version":[{"id":5672724,"href":"https:\/\/www.amiciterzomondo.com\/index.php\/wp-json\/wp\/v2\/pages\/5672281\/revisions\/5672724"}],"wp:attachment":[{"href":"https:\/\/www.amiciterzomondo.com\/index.php\/wp-json\/wp\/v2\/media?parent=5672281"}],"curies":[{"name":"wp","href":"https:\/\/api.w.org\/{rel}","templated":true}]}}