{"id":5672162,"date":"2022-10-28T15:50:48","date_gmt":"2022-10-28T15:50:48","guid":{"rendered":"https:\/\/www.amiciterzomondo.com\/?page_id=5672162"},"modified":"2022-12-03T22:20:40","modified_gmt":"2022-12-03T22:20:40","slug":"adozioni-a-distanza","status":"publish","type":"page","link":"https:\/\/www.amiciterzomondo.com\/index.php\/adozioni-a-distanza\/","title":{"rendered":"Adozioni a distanza"},"content":{"rendered":"<section class=\"wpb-content-wrapper\">[vc_row][vc_column]<div class=\"norebro-heading-sc heading text-left\"\n\tid=\"norebro-custom-69f744737e279\" \n\t \n\t>\n\t\n\t\n\t\n\t<h3 class=\"title\">\n\t\tAdozioni a distanza\t<\/h3>\n\n\t\n\t\t\t<p class=\"subtitle\">\n\t\t\t\t\t<\/p>\n\t\t\n<\/div>[\/vc_column][\/vc_row][vc_row][vc_column width=&#8221;1\/4&#8243;][vc_single_image image=&#8221;5672534&#8243; img_size=&#8221;full&#8221; css=&#8221;.vc_custom_1670106037438{padding-top: 20px !important;}&#8221;][\/vc_column][vc_column width=&#8221;3\/4&#8243;][vc_column_text]<strong>PARTECIPA AL NOSTRO PROGETTO A TONDO-MANILA NELLE FILIPPINE<\/strong><br \/>\nVuoi anche tu adottare un bambino a distanza? Dare un futuro a un bambino del Terzo Mondo, dandogli la possibilit\u00e0 di andare a scuola ed avere un minimo di assistenza?<br \/>\nAllora puoi sostenere il nostro Progetto \u201cUna mano aiuta l\u2019altra\u201d che a Tondo, il pi\u00f9 povero sobborgo di Manila nelle Filippine, segue e aiuta tanti bambini. Solo le \u201cadozioni a distanza\u201d possono garantire ai ragazzi volonterosi la partecipazione alla scuola ed offrire loro la speranza di trovare in futuro un posto di lavoro.<br \/>\nDall\u2019anno 2000 don Egidio Todeschini \u00e8 in contatto con i Padri Canossiani nelle Filippine e con P. Giovanni Gentilin responsabile del progetto. Sono gi\u00e0 un centinaio i padrini che hanno aderito attraverso don Egidio a questo progetto.<br \/>\nInoltre ogni anno altri 50 bambini dell\u2019isola di Leyte (Filippine) vengono aiutati attraverso le offerte che vengono raccolte a Natale con la distribuzione del calendario annuale.<\/p>\n<p><strong>I bambini della Smokey Mountain<br \/>\n<\/strong>Smokey Mountain: la montagna che fuma. Cos\u00ec viene chiamata la grande discarica di Tondo, dove vengono accumulati tutti i rifiuti della metropoli Manila. Nella baraccopoli di Tondo vivono centinaia di migliaia di persone. A Tondo opera con altri Padri Canossiani anche P. Giovanni, con il quale abbiamo scelto di collaborare con le nostre adozioni a distanza.<\/p>\n<p><strong>Brevi informazioni utili<\/strong><br \/>\nL\u2019anno scolastico nelle Filippine inizia a giugno e termina alla fine di marzo dell\u2019anno successivo<br \/>\nAi padrini viene spedita una fotografia del loro figlioccio\/a con una scheda di famiglia<br \/>\nDue volte all\u2019anno ai padrini viene inviata la pagella del figlioccio\/a<br \/>\nL\u2019organizzazione di Tondo s\u2019impegna a seguire l\u2019adottato\/a nella formazione ai valori umani e cristiani, con diverse attivit\u00e0 culturali e ricreative<br \/>\nL\u2019organizzazione s\u2019impegna ad aiutare l\u2019adottato e anche la sua famiglia in ogni caso di bisogno<br \/>\nNon c\u2019\u00e8 problema se il padrino non parla o non scrive in inglese, l\u2019ufficio di Tondo \u00e8 in grado di tradurre le lettere dei padrini<\/p>\n<p><strong>La scuola nelle Filippine<\/strong><br \/>\n6 anni di scuola elementare<br \/>\n4 anni di scuola media<br \/>\n2-4 anni di scuola superiore (dipende dal tipo di scuola)<\/p>\n<p><strong>Le quote per l&#8217;adozione<\/strong><br \/>\nPer la scuola elementare: CHF 350 annuali<br \/>\nPer la scuola media: CHF 400 annuali<br \/>\nPer la scuola superiore: 500 annuali<br \/>\nLe quote comprendono: iscrizione a scuola, due uniformi ogni anno (non si entra in scuola senza uniforme), trasporto, pranzo, visite mediche e ci\u00f2 che occorre per ogni emergenza. Queste quote sono indicative, chi ha la possibilit\u00e0 pu\u00f2 dare qualcosa di pi\u00f9.<br \/>\nE\u2019 bene che chi sottoscrive un\u2019adozione porti il suo figlioccio\/a al termine del ciclo scolastico. Tuttavia ci\u00f2 non \u00e8 un contratto, \u00e8 solo un impegno morale. Per una buona ragione ognuno pu\u00f2 interrompere l\u2019adozione, avvisandoci in modo che possiamo provvedere diversamente.[\/vc_column_text][\/vc_column][\/vc_row][vc_row disable_element=&#8221;yes&#8221;][vc_column]<div class=\"norebro-gallery-sc gallery-wrap\"\n\tid=\"norebro-custom-images-69f744737f572\"\n\tdata-gallery=\"norebro-custom-69f744737f570\"\n\t\t>\n\n\t\n\t<div class=\"vc_row norebro-masonry\" data-lazy-container=\"gallery\">\n\n\t\t\t<div class=\" vc_col-lg-3 vc_col-md-4 vc_col-sm-6 vc_col-xs-12 metro-style masonry-block grid-item gallery-image\" data-gallery-item=\"0\" data-lazy-item=\"\" data-lazy-scope=\"gallery\">\n\t\t<div class=\"wrap\">\n\t\t\t\t\t\t\t<div class=\"tmp-image metro-image\" data-norebro-bg-image=\"https:\/\/www.amiciterzomondo.com\/wp-content\/uploads\/sites\/7\/2022\/11\/CTCFI-2022-Assessment-2023-Planning-10.jpg\"><\/div>\n\t\t\t\t<img decoding=\"async\" class=\"gimg metro-image-hidden\" src=\"https:\/\/www.amiciterzomondo.com\/wp-content\/uploads\/sites\/7\/2022\/11\/CTCFI-2022-Assessment-2023-Planning-10.jpg\" alt=\"\">\n\t\t\t\t\t\t<div class=\"overlay\">\n\t\t\t\t<div class=\"content-center text-center\">\n\t\t\t\t\t<div class=\"wrap\">\n\t\t\t\t\t\t<h4 class=\"inline\">\n\t\t\t\t\t\t\t\t\t\t\t\t\tView Fullscreen\t\t\t\t\t\t\t\t\t\t\t\t<\/h4>\n\t\t\t\t\t\t<div class=\"icon inline ion-ios-plus-empty\"><\/div>\n\t\t\t\t\t<\/div>\n\t\t\t\t<\/div>\n\t\t\t<\/div>\n\t\t\t<div class=\"gallery-description\">\n\t\t\t\t<h3 class=\"title\">CTCFI 2022 Assessment &#038; 2023 Planning (10)<\/h3>\n\t\t\t\t<p class=\"subtitle small\">\n\t\t\t\t\t\t\t\t\t<\/p>\n\t\t\t<\/div>\n\t\t<\/div>\n\t<\/div>\n\t\t\t<div class=\" vc_col-lg-3 vc_col-md-4 vc_col-sm-6 vc_col-xs-12 metro-style masonry-block grid-item gallery-image\" data-gallery-item=\"1\" data-lazy-item=\"\" data-lazy-scope=\"gallery\">\n\t\t<div class=\"wrap\">\n\t\t\t\t\t\t\t<div class=\"tmp-image metro-image\" data-norebro-bg-image=\"https:\/\/www.amiciterzomondo.com\/wp-content\/uploads\/sites\/7\/2022\/11\/CTCFI-2022-Assessment-2023-Planning-8.jpg\"><\/div>\n\t\t\t\t<img decoding=\"async\" class=\"gimg metro-image-hidden\" src=\"https:\/\/www.amiciterzomondo.com\/wp-content\/uploads\/sites\/7\/2022\/11\/CTCFI-2022-Assessment-2023-Planning-8.jpg\" alt=\"\">\n\t\t\t\t\t\t<div class=\"overlay\">\n\t\t\t\t<div class=\"content-center text-center\">\n\t\t\t\t\t<div class=\"wrap\">\n\t\t\t\t\t\t<h4 class=\"inline\">\n\t\t\t\t\t\t\t\t\t\t\t\t\tView Fullscreen\t\t\t\t\t\t\t\t\t\t\t\t<\/h4>\n\t\t\t\t\t\t<div class=\"icon inline ion-ios-plus-empty\"><\/div>\n\t\t\t\t\t<\/div>\n\t\t\t\t<\/div>\n\t\t\t<\/div>\n\t\t\t<div class=\"gallery-description\">\n\t\t\t\t<h3 class=\"title\">CTCFI 2022 Assessment &#038; 2023 Planning (8)<\/h3>\n\t\t\t\t<p class=\"subtitle small\">\n\t\t\t\t\t\t\t\t\t<\/p>\n\t\t\t<\/div>\n\t\t<\/div>\n\t<\/div>\n\t\t\t<div class=\" vc_col-lg-3 vc_col-md-4 vc_col-sm-6 vc_col-xs-12 metro-style masonry-block grid-item gallery-image\" data-gallery-item=\"2\" data-lazy-item=\"\" data-lazy-scope=\"gallery\">\n\t\t<div class=\"wrap\">\n\t\t\t\t\t\t\t<div class=\"tmp-image metro-image\" data-norebro-bg-image=\"https:\/\/www.amiciterzomondo.com\/wp-content\/uploads\/sites\/7\/2022\/11\/CTCFI-2022-Assessment-2023-Planning-6.jpg\"><\/div>\n\t\t\t\t<img decoding=\"async\" class=\"gimg metro-image-hidden\" src=\"https:\/\/www.amiciterzomondo.com\/wp-content\/uploads\/sites\/7\/2022\/11\/CTCFI-2022-Assessment-2023-Planning-6.jpg\" alt=\"\">\n\t\t\t\t\t\t<div class=\"overlay\">\n\t\t\t\t<div class=\"content-center text-center\">\n\t\t\t\t\t<div class=\"wrap\">\n\t\t\t\t\t\t<h4 class=\"inline\">\n\t\t\t\t\t\t\t\t\t\t\t\t\tView Fullscreen\t\t\t\t\t\t\t\t\t\t\t\t<\/h4>\n\t\t\t\t\t\t<div class=\"icon inline ion-ios-plus-empty\"><\/div>\n\t\t\t\t\t<\/div>\n\t\t\t\t<\/div>\n\t\t\t<\/div>\n\t\t\t<div class=\"gallery-description\">\n\t\t\t\t<h3 class=\"title\">CTCFI 2022 Assessment &#038; 2023 Planning (6)<\/h3>\n\t\t\t\t<p class=\"subtitle small\">\n\t\t\t\t\t\t\t\t\t<\/p>\n\t\t\t<\/div>\n\t\t<\/div>\n\t<\/div>\n\t\t\t<div class=\" vc_col-lg-3 vc_col-md-4 vc_col-sm-6 vc_col-xs-12 metro-style masonry-block grid-item gallery-image\" data-gallery-item=\"3\" data-lazy-item=\"\" data-lazy-scope=\"gallery\">\n\t\t<div class=\"wrap\">\n\t\t\t\t\t\t\t<div class=\"tmp-image metro-image\" data-norebro-bg-image=\"https:\/\/www.amiciterzomondo.com\/wp-content\/uploads\/sites\/7\/2022\/11\/CTCFI-2022-Assessment-2023-Planning-1.jpg\"><\/div>\n\t\t\t\t<img decoding=\"async\" class=\"gimg metro-image-hidden\" src=\"https:\/\/www.amiciterzomondo.com\/wp-content\/uploads\/sites\/7\/2022\/11\/CTCFI-2022-Assessment-2023-Planning-1.jpg\" alt=\"\">\n\t\t\t\t\t\t<div class=\"overlay\">\n\t\t\t\t<div class=\"content-center text-center\">\n\t\t\t\t\t<div class=\"wrap\">\n\t\t\t\t\t\t<h4 class=\"inline\">\n\t\t\t\t\t\t\t\t\t\t\t\t\tView Fullscreen\t\t\t\t\t\t\t\t\t\t\t\t<\/h4>\n\t\t\t\t\t\t<div class=\"icon inline ion-ios-plus-empty\"><\/div>\n\t\t\t\t\t<\/div>\n\t\t\t\t<\/div>\n\t\t\t<\/div>\n\t\t\t<div class=\"gallery-description\">\n\t\t\t\t<h3 class=\"title\">CTCFI 2022 Assessment &#038; 2023 Planning (1)<\/h3>\n\t\t\t\t<p class=\"subtitle small\">\n\t\t\t\t\t\t\t\t\t<\/p>\n\t\t\t<\/div>\n\t\t<\/div>\n\t<\/div>\n\t\t<div class=\"clear\"><\/div>\n\n\t<\/div>\n\n\t\n<\/div>\n\n<div class=\"norebro-gallery-opened-sc custom-gallery\"\n\tid=\"norebro-custom-69f744737f570\"\n\tdata-options='{\"navClass\":\"\"}'>\n\n\t<div class=\"expand\">\n\t\t<span class=\"ion-android-expand\"><\/span>\n\t<\/div>\n\t<div class=\"close\">\n\t\t<span class=\"ion-ios-close-empty\"><\/span>\n\t<\/div>\n\n<\/div>\n<div class=\"norebro-gallery-sc gallery-wrap\"\n\tid=\"norebro-custom-images-69f7447381796\"\n\tdata-gallery=\"norebro-custom-69f7447381794\"\n\t\t>\n\n\t\n\t<div class=\"vc_row norebro-masonry\" data-lazy-container=\"gallery\">\n\n\t\t\t<div class=\" vc_col-lg-3 vc_col-md-4 vc_col-sm-6 vc_col-xs-12 metro-style masonry-block grid-item gallery-image\" data-gallery-item=\"0\" data-lazy-item=\"\" data-lazy-scope=\"gallery\">\n\t\t<div class=\"wrap\">\n\t\t\t\t\t\t\t<div class=\"tmp-image metro-image\" data-norebro-bg-image=\"https:\/\/www.amiciterzomondo.com\/wp-content\/uploads\/sites\/7\/2022\/11\/signal-2022-11-27-123930_002.jpeg\"><\/div>\n\t\t\t\t<img decoding=\"async\" class=\"gimg metro-image-hidden\" src=\"https:\/\/www.amiciterzomondo.com\/wp-content\/uploads\/sites\/7\/2022\/11\/signal-2022-11-27-123930_002.jpeg\" alt=\"\">\n\t\t\t\t\t\t<div class=\"overlay\">\n\t\t\t\t<div class=\"content-center text-center\">\n\t\t\t\t\t<div class=\"wrap\">\n\t\t\t\t\t\t<h4 class=\"inline\">\n\t\t\t\t\t\t\t\t\t\t\t\t\tView Fullscreen\t\t\t\t\t\t\t\t\t\t\t\t<\/h4>\n\t\t\t\t\t\t<div class=\"icon inline ion-ios-plus-empty\"><\/div>\n\t\t\t\t\t<\/div>\n\t\t\t\t<\/div>\n\t\t\t<\/div>\n\t\t\t<div class=\"gallery-description\">\n\t\t\t\t<h3 class=\"title\">signal-2022-11-27-123930_002<\/h3>\n\t\t\t\t<p class=\"subtitle small\">\n\t\t\t\t\t\t\t\t\t<\/p>\n\t\t\t<\/div>\n\t\t<\/div>\n\t<\/div>\n\t\t\t<div class=\" vc_col-lg-3 vc_col-md-4 vc_col-sm-6 vc_col-xs-12 metro-style masonry-block grid-item gallery-image\" data-gallery-item=\"1\" data-lazy-item=\"\" data-lazy-scope=\"gallery\">\n\t\t<div class=\"wrap\">\n\t\t\t\t\t\t\t<div class=\"tmp-image metro-image\" data-norebro-bg-image=\"https:\/\/www.amiciterzomondo.com\/wp-content\/uploads\/sites\/7\/2022\/11\/signal-2022-11-27-123930_008.jpeg\"><\/div>\n\t\t\t\t<img decoding=\"async\" class=\"gimg metro-image-hidden\" src=\"https:\/\/www.amiciterzomondo.com\/wp-content\/uploads\/sites\/7\/2022\/11\/signal-2022-11-27-123930_008.jpeg\" alt=\"\">\n\t\t\t\t\t\t<div class=\"overlay\">\n\t\t\t\t<div class=\"content-center text-center\">\n\t\t\t\t\t<div class=\"wrap\">\n\t\t\t\t\t\t<h4 class=\"inline\">\n\t\t\t\t\t\t\t\t\t\t\t\t\tView Fullscreen\t\t\t\t\t\t\t\t\t\t\t\t<\/h4>\n\t\t\t\t\t\t<div class=\"icon inline ion-ios-plus-empty\"><\/div>\n\t\t\t\t\t<\/div>\n\t\t\t\t<\/div>\n\t\t\t<\/div>\n\t\t\t<div class=\"gallery-description\">\n\t\t\t\t<h3 class=\"title\">signal-2022-11-27-123930_008<\/h3>\n\t\t\t\t<p class=\"subtitle small\">\n\t\t\t\t\t\t\t\t\t<\/p>\n\t\t\t<\/div>\n\t\t<\/div>\n\t<\/div>\n\t\t\t<div class=\" vc_col-lg-3 vc_col-md-4 vc_col-sm-6 vc_col-xs-12 metro-style masonry-block grid-item gallery-image\" data-gallery-item=\"2\" data-lazy-item=\"\" data-lazy-scope=\"gallery\">\n\t\t<div class=\"wrap\">\n\t\t\t\t\t\t\t<div class=\"tmp-image metro-image\" data-norebro-bg-image=\"https:\/\/www.amiciterzomondo.com\/wp-content\/uploads\/sites\/7\/2022\/11\/signal-2022-11-27-123930_005.jpeg\"><\/div>\n\t\t\t\t<img decoding=\"async\" class=\"gimg metro-image-hidden\" src=\"https:\/\/www.amiciterzomondo.com\/wp-content\/uploads\/sites\/7\/2022\/11\/signal-2022-11-27-123930_005.jpeg\" alt=\"\">\n\t\t\t\t\t\t<div class=\"overlay\">\n\t\t\t\t<div class=\"content-center text-center\">\n\t\t\t\t\t<div class=\"wrap\">\n\t\t\t\t\t\t<h4 class=\"inline\">\n\t\t\t\t\t\t\t\t\t\t\t\t\tView Fullscreen\t\t\t\t\t\t\t\t\t\t\t\t<\/h4>\n\t\t\t\t\t\t<div class=\"icon inline ion-ios-plus-empty\"><\/div>\n\t\t\t\t\t<\/div>\n\t\t\t\t<\/div>\n\t\t\t<\/div>\n\t\t\t<div class=\"gallery-description\">\n\t\t\t\t<h3 class=\"title\">signal-2022-11-27-123930_005<\/h3>\n\t\t\t\t<p class=\"subtitle small\">\n\t\t\t\t\t\t\t\t\t<\/p>\n\t\t\t<\/div>\n\t\t<\/div>\n\t<\/div>\n\t\t\t<div class=\" vc_col-lg-3 vc_col-md-4 vc_col-sm-6 vc_col-xs-12 metro-style masonry-block grid-item gallery-image\" data-gallery-item=\"3\" data-lazy-item=\"\" data-lazy-scope=\"gallery\">\n\t\t<div class=\"wrap\">\n\t\t\t\t\t\t\t<div class=\"tmp-image metro-image\" data-norebro-bg-image=\"https:\/\/www.amiciterzomondo.com\/wp-content\/uploads\/sites\/7\/2022\/11\/signal-2022-11-27-123930_006.jpeg\"><\/div>\n\t\t\t\t<img decoding=\"async\" class=\"gimg metro-image-hidden\" src=\"https:\/\/www.amiciterzomondo.com\/wp-content\/uploads\/sites\/7\/2022\/11\/signal-2022-11-27-123930_006.jpeg\" alt=\"\">\n\t\t\t\t\t\t<div class=\"overlay\">\n\t\t\t\t<div class=\"content-center text-center\">\n\t\t\t\t\t<div class=\"wrap\">\n\t\t\t\t\t\t<h4 class=\"inline\">\n\t\t\t\t\t\t\t\t\t\t\t\t\tView Fullscreen\t\t\t\t\t\t\t\t\t\t\t\t<\/h4>\n\t\t\t\t\t\t<div class=\"icon inline ion-ios-plus-empty\"><\/div>\n\t\t\t\t\t<\/div>\n\t\t\t\t<\/div>\n\t\t\t<\/div>\n\t\t\t<div class=\"gallery-description\">\n\t\t\t\t<h3 class=\"title\">signal-2022-11-27-123930_006<\/h3>\n\t\t\t\t<p class=\"subtitle small\">\n\t\t\t\t\t\t\t\t\t<\/p>\n\t\t\t<\/div>\n\t\t<\/div>\n\t<\/div>\n\t\t\t<div class=\" vc_col-lg-3 vc_col-md-4 vc_col-sm-6 vc_col-xs-12 metro-style masonry-block grid-item gallery-image\" data-gallery-item=\"4\" data-lazy-item=\"\" data-lazy-scope=\"gallery\">\n\t\t<div class=\"wrap\">\n\t\t\t\t\t\t\t<div class=\"tmp-image metro-image\" data-norebro-bg-image=\"https:\/\/www.amiciterzomondo.com\/wp-content\/uploads\/sites\/7\/2022\/11\/signal-2022-11-27-123930_007.jpeg\"><\/div>\n\t\t\t\t<img decoding=\"async\" class=\"gimg metro-image-hidden\" src=\"https:\/\/www.amiciterzomondo.com\/wp-content\/uploads\/sites\/7\/2022\/11\/signal-2022-11-27-123930_007.jpeg\" alt=\"\">\n\t\t\t\t\t\t<div class=\"overlay\">\n\t\t\t\t<div class=\"content-center text-center\">\n\t\t\t\t\t<div class=\"wrap\">\n\t\t\t\t\t\t<h4 class=\"inline\">\n\t\t\t\t\t\t\t\t\t\t\t\t\tView Fullscreen\t\t\t\t\t\t\t\t\t\t\t\t<\/h4>\n\t\t\t\t\t\t<div class=\"icon inline ion-ios-plus-empty\"><\/div>\n\t\t\t\t\t<\/div>\n\t\t\t\t<\/div>\n\t\t\t<\/div>\n\t\t\t<div class=\"gallery-description\">\n\t\t\t\t<h3 class=\"title\">signal-2022-11-27-123930_007<\/h3>\n\t\t\t\t<p class=\"subtitle small\">\n\t\t\t\t\t\t\t\t\t<\/p>\n\t\t\t<\/div>\n\t\t<\/div>\n\t<\/div>\n\t\t\t<div class=\" vc_col-lg-3 vc_col-md-4 vc_col-sm-6 vc_col-xs-12 metro-style masonry-block grid-item gallery-image\" data-gallery-item=\"5\" data-lazy-item=\"\" data-lazy-scope=\"gallery\">\n\t\t<div class=\"wrap\">\n\t\t\t\t\t\t\t<div class=\"tmp-image metro-image\" data-norebro-bg-image=\"https:\/\/www.amiciterzomondo.com\/wp-content\/uploads\/sites\/7\/2022\/11\/signal-2022-11-27-123930_004.jpeg\"><\/div>\n\t\t\t\t<img decoding=\"async\" class=\"gimg metro-image-hidden\" src=\"https:\/\/www.amiciterzomondo.com\/wp-content\/uploads\/sites\/7\/2022\/11\/signal-2022-11-27-123930_004.jpeg\" alt=\"\">\n\t\t\t\t\t\t<div class=\"overlay\">\n\t\t\t\t<div class=\"content-center text-center\">\n\t\t\t\t\t<div class=\"wrap\">\n\t\t\t\t\t\t<h4 class=\"inline\">\n\t\t\t\t\t\t\t\t\t\t\t\t\tView Fullscreen\t\t\t\t\t\t\t\t\t\t\t\t<\/h4>\n\t\t\t\t\t\t<div class=\"icon inline ion-ios-plus-empty\"><\/div>\n\t\t\t\t\t<\/div>\n\t\t\t\t<\/div>\n\t\t\t<\/div>\n\t\t\t<div class=\"gallery-description\">\n\t\t\t\t<h3 class=\"title\">signal-2022-11-27-123930_004<\/h3>\n\t\t\t\t<p class=\"subtitle small\">\n\t\t\t\t\t\t\t\t\t<\/p>\n\t\t\t<\/div>\n\t\t<\/div>\n\t<\/div>\n\t\t\t<div class=\" vc_col-lg-3 vc_col-md-4 vc_col-sm-6 vc_col-xs-12 metro-style masonry-block grid-item gallery-image\" data-gallery-item=\"6\" data-lazy-item=\"\" data-lazy-scope=\"gallery\">\n\t\t<div class=\"wrap\">\n\t\t\t\t\t\t\t<div class=\"tmp-image metro-image\" data-norebro-bg-image=\"https:\/\/www.amiciterzomondo.com\/wp-content\/uploads\/sites\/7\/2022\/11\/signal-2022-11-27-123930_003.jpeg\"><\/div>\n\t\t\t\t<img decoding=\"async\" class=\"gimg metro-image-hidden\" src=\"https:\/\/www.amiciterzomondo.com\/wp-content\/uploads\/sites\/7\/2022\/11\/signal-2022-11-27-123930_003.jpeg\" alt=\"\">\n\t\t\t\t\t\t<div class=\"overlay\">\n\t\t\t\t<div class=\"content-center text-center\">\n\t\t\t\t\t<div class=\"wrap\">\n\t\t\t\t\t\t<h4 class=\"inline\">\n\t\t\t\t\t\t\t\t\t\t\t\t\tView Fullscreen\t\t\t\t\t\t\t\t\t\t\t\t<\/h4>\n\t\t\t\t\t\t<div class=\"icon inline ion-ios-plus-empty\"><\/div>\n\t\t\t\t\t<\/div>\n\t\t\t\t<\/div>\n\t\t\t<\/div>\n\t\t\t<div class=\"gallery-description\">\n\t\t\t\t<h3 class=\"title\">signal-2022-11-27-123930_003<\/h3>\n\t\t\t\t<p class=\"subtitle small\">\n\t\t\t\t\t\t\t\t\t<\/p>\n\t\t\t<\/div>\n\t\t<\/div>\n\t<\/div>\n\t\t<div class=\"clear\"><\/div>\n\n\t<\/div>\n\n\t\n<\/div>\n\n<div class=\"norebro-gallery-opened-sc custom-gallery\"\n\tid=\"norebro-custom-69f7447381794\"\n\tdata-options='{\"navClass\":\"\"}'>\n\n\t<div class=\"expand\">\n\t\t<span class=\"ion-android-expand\"><\/span>\n\t<\/div>\n\t<div class=\"close\">\n\t\t<span class=\"ion-ios-close-empty\"><\/span>\n\t<\/div>\n\n<\/div>\n[\/vc_column][\/vc_row]\n<\/section>","protected":false},"excerpt":{"rendered":"<p>[vc_row][vc_column][\/vc_column][\/vc_row][vc_row][vc_column width=&#8221;1\/4&#8243;][vc_single_image image=&#8221;5672534&#8243; img_size=&#8221;full&#8221; css=&#8221;.vc_custom_1670106037438{padding-top: 20px !important;}&#8221;][\/vc_column][vc_column width=&#8221;3\/4&#8243;][vc_column_text]PARTECIPA AL NOSTRO PROGETTO A TONDO-MANILA NELLE&#8230;<\/p>\n","protected":false},"author":1,"featured_media":0,"parent":0,"menu_order":0,"comment_status":"closed","ping_status":"closed","template":"","meta":{"footnotes":""},"class_list":["post-5672162","page","type-page","status-publish","hentry"],"_links":{"self":[{"href":"https:\/\/www.amiciterzomondo.com\/index.php\/wp-json\/wp\/v2\/pages\/5672162","targetHints":{"allow":["GET"]}}],"collection":[{"href":"https:\/\/www.amiciterzomondo.com\/index.php\/wp-json\/wp\/v2\/pages"}],"about":[{"href":"https:\/\/www.amiciterzomondo.com\/index.php\/wp-json\/wp\/v2\/types\/page"}],"author":[{"embeddable":true,"href":"https:\/\/www.amiciterzomondo.com\/index.php\/wp-json\/wp\/v2\/users\/1"}],"replies":[{"embeddable":true,"href":"https:\/\/www.amiciterzomondo.com\/index.php\/wp-json\/wp\/v2\/comments?post=5672162"}],"version-history":[{"count":16,"href":"https:\/\/www.amiciterzomondo.com\/index.php\/wp-json\/wp\/v2\/pages\/5672162\/revisions"}],"predecessor-version":[{"id":5672535,"href":"https:\/\/www.amiciterzomondo.com\/index.php\/wp-json\/wp\/v2\/pages\/5672162\/revisions\/5672535"}],"wp:attachment":[{"href":"https:\/\/www.amiciterzomondo.com\/index.php\/wp-json\/wp\/v2\/media?parent=5672162"}],"curies":[{"name":"wp","href":"https:\/\/api.w.org\/{rel}","templated":true}]}}